{"id":949,"date":"2025-07-29T15:10:40","date_gmt":"2025-07-29T13:10:40","guid":{"rendered":"https:\/\/vasculai.crosss3.eu\/?page_id=949"},"modified":"2025-12-01T09:15:38","modified_gmt":"2025-12-01T08:15:38","slug":"technologieen","status":"publish","type":"page","link":"https:\/\/vasculai.crosss3.eu\/nl\/technologieen\/","title":{"rendered":"Technologie\u00ebn"},"content":{"rendered":"\n<div class=\"wp-block-cover alignfull is-light has-parallax cross-banner has-base-color has-text-color has-link-color wp-elements-0ff4c8ea7b1bd532e6ff17318fde31f8\" style=\"border-radius:0px;margin-top:0;margin-bottom:0;padding-top:0;padding-right:0;padding-bottom:0;padding-left:0;min-height:50px;aspect-ratio:unset;\"><div class=\"wp-block-cover__image-background wp-image-86 size-full has-parallax\" style=\"background-position:50% 50%;background-image:url(https:\/\/secuweb.crosss3.eu\/wp-content\/uploads\/sites\/6\/2025\/06\/umberto-FewHpO4VC9Y-unsplash.jpg)\"><\/div><span aria-hidden=\"true\" class=\"wp-block-cover__background has-custom-red-background-color has-background-dim-100 has-background-dim\"><\/span><div class=\"wp-block-cover__inner-container is-layout-flow wp-container-core-cover-is-layout-d9797ee2 wp-block-cover-is-layout-flow\">\n<div class=\"wp-block-group cross-banner__pattern is-layout-flow wp-block-group-is-layout-flow\" style=\"--octopods-group-background-image:url(http:\/\/crosss3.eu\/wp-content\/uploads\/2025\/05\/pattern-white.svg);--octopods-group-background-position:50% 50%;--octopods-group-background-size:auto auto;--octopods-group-background-repeat:repeat;--octopods-group-background-attachment:scroll;--octopods-group-position:absolute;--octopods-group-top:0px;--octopods-group-bottom:0px;--octopods-group-left:0px;--octopods-group-right:0px\" data-aos=\"fade\" data-aos-duration=\"650\" data-aos-easing=\"ease-in-out\" data-aos-once=\"true\"><\/div>\n\n\n\n<div data-aos-duration=\"800\" data-aos-easing=\"ease-out-cubic\" data-aos-once=\"true\" data-aos=\"scale-in-x\" class=\"wp-block-group has-global-padding is-layout-constrained wp-container-core-group-is-layout-e57e4541 wp-block-group-is-layout-constrained\" style=\"margin-top:0;margin-bottom:0;padding-top:var(--wp--preset--spacing--xx-large);padding-bottom:var(--wp--preset--spacing--xx-large)\"><h1 class=\"has-text-align-center wp-block-post-title has-xxx-large-font-size\">Technologie\u00ebn<\/h1>\n\n\n<div class=\"wp-block-group has-global-padding is-content-justification-left is-layout-constrained wp-container-core-group-is-layout-20f472fc wp-block-group-is-layout-constrained\">\n<p class=\"has-text-align-center\" style=\"font-size:clamp(0.875rem, 0.875rem + ((1vw - 0.2rem) * 0.406), 1.2rem);\"><br><a href=\"verbonden armbanden, warmtecamera's en AI voor geavanceerde cardiovasculaire preventie\">VasculAI : slimme armband, thermische camera en AI voor geavanceerde cardiovasculaire preventie<\/a><\/p>\n<\/div>\n<\/div>\n<\/div><\/div>\n\n\n\n<div>\n<div data-aos-duration=\"800\" data-aos-easing=\"ease-out-cubic\" data-aos-once=\"true\" data-aos=\"scale-in-x\" class=\"wp-block-group is-layout-grid wp-container-core-group-is-layout-688b778f wp-block-group-is-layout-grid\" style=\"margin-top:3vw;--octopods-group-grid-columns-tablet:undefined;--octopods-group-grid-columns-mobile:undefined\">\n<div data-aos-duration=\"800\" data-aos-easing=\"ease-out-cubic\" data-aos-once=\"true\" data-aos=\"scale-in-x\" class=\"wp-block-group cross-card-feature has-border-color has-primary-faded-border-color has-primary-color has-base-background-color has-text-color has-background has-link-color wp-elements-3b737b54977bfaae27984a96f6f6771f wp-container-content-2155ee95 is-vertical is-layout-flex wp-container-core-group-is-layout-56db1471 wp-block-group-is-layout-flex has-aspect-ratio\" style=\"border-width:1px;border-radius:0.75rem;margin-top:var(--wp--preset--spacing--large);padding-top:0;padding-right:var(--wp--preset--spacing--medium);padding-bottom:var(--wp--preset--spacing--medium);padding-left:var(--wp--preset--spacing--medium);box-shadow:var(--wp--preset--shadow--natural);--octopods-group-overlay-gradient:linear-gradient(120deg,rgba(45,179,163,0) 93%,rgba(214,102,94,0.27) 93%);aspect-ratio:auto;min-height:unset;\">\n<div class=\"wp-block-group is-layout-flow wp-container-core-group-is-layout-08439f6b wp-block-group-is-layout-flow\" style=\"margin-top:-80px;margin-bottom:var(--wp--preset--spacing--x-small)\">\n<figure class=\"wp-block-image size-large is-resized has-custom-border is-style-default\"><img loading=\"lazy\" decoding=\"async\" width=\"1024\" height=\"683\" src=\"https:\/\/vasculai.crosss3.eu\/wp-content\/uploads\/sites\/5\/2025\/07\/Image-821-1024x683.jpg\" alt=\"\" class=\"wp-image-232\" style=\"border-style:none;border-width:0px;border-radius:500px;box-shadow:var(--wp--preset--shadow--outlined);aspect-ratio:1;object-fit:cover;width:150px\" srcset=\"https:\/\/vasculai.crosss3.eu\/wp-content\/uploads\/sites\/5\/2025\/07\/Image-821-1024x683.jpg 1024w, https:\/\/vasculai.crosss3.eu\/wp-content\/uploads\/sites\/5\/2025\/07\/Image-821-300x200.jpg 300w, https:\/\/vasculai.crosss3.eu\/wp-content\/uploads\/sites\/5\/2025\/07\/Image-821-768x512.jpg 768w, https:\/\/vasculai.crosss3.eu\/wp-content\/uploads\/sites\/5\/2025\/07\/Image-821-1536x1024.jpg 1536w, https:\/\/vasculai.crosss3.eu\/wp-content\/uploads\/sites\/5\/2025\/07\/Image-821-600x400.jpg 600w, https:\/\/vasculai.crosss3.eu\/wp-content\/uploads\/sites\/5\/2025\/07\/Image-821-1200x800.jpg 1200w, https:\/\/vasculai.crosss3.eu\/wp-content\/uploads\/sites\/5\/2025\/07\/Image-821-1620x1080.jpg 1620w, https:\/\/vasculai.crosss3.eu\/wp-content\/uploads\/sites\/5\/2025\/07\/Image-821.jpg 1920w\" sizes=\"auto, (max-width: 1024px) 100vw, 1024px\" \/><\/figure>\n<\/div>\n\n\n<h2 class=\"wp-block-heading has-large-font-size\" style=\"line-height:1.4\" id=\"slimme-armband\"><a href=\"https:\/\/vasculai.crosss3.eu\/technologies\/bracelet-electronique\/\">Slimme armband<\/a><\/h2>\n\n\n<p>De bloeddruk, het bloeddebiet en de hartslag continu controleren, zonder hinder of indringing.<\/p>\n\n\n\n<div class=\"wp-block-buttons is-layout-flex wp-block-buttons-is-layout-flex\">\n<div class=\"wp-block-button octopods-button-link is-style-arrow\"><a class=\"wp-block-button__link has-custom-red-color has-text-color has-link-color wp-element-button\" href=\"https:\/\/vasculai.crosss3.eu\/nl\/technologieen\/slimme-armband\/\" style=\"border-style:none;border-width:0px;border-radius:0px;padding-top:0;padding-right:0px;padding-bottom:0;padding-left:0px;font-style:normal;font-weight:500\">Ontdek de technologie<\/a><\/div>\n<\/div>\n<\/div>\n\n\n\n<div data-aos-delay=\"250\" data-aos-duration=\"800\" data-aos-easing=\"ease-out-cubic\" data-aos-once=\"true\" data-aos=\"scale-in-x\" class=\"wp-block-group cross-card-feature has-border-color has-primary-faded-border-color has-primary-color has-base-background-color has-text-color has-background has-link-color wp-elements-fddb2611c4b3bf8b3b50ed60ddeac732 wp-container-content-2155ee95 is-vertical is-layout-flex wp-container-core-group-is-layout-56db1471 wp-block-group-is-layout-flex has-aspect-ratio\" style=\"border-width:1px;border-radius:0.75rem;margin-top:var(--wp--preset--spacing--large);padding-top:0;padding-right:var(--wp--preset--spacing--medium);padding-bottom:var(--wp--preset--spacing--medium);padding-left:var(--wp--preset--spacing--medium);box-shadow:var(--wp--preset--shadow--natural);--octopods-group-overlay-gradient:linear-gradient(120deg,rgba(45,179,163,0) 93%,rgba(214,102,94,0.27) 93%);aspect-ratio:auto;min-height:unset;\">\n<div class=\"wp-block-group is-layout-flow wp-container-core-group-is-layout-08439f6b wp-block-group-is-layout-flow\" style=\"margin-top:-80px;margin-bottom:var(--wp--preset--spacing--x-small)\">\n<figure class=\"wp-block-image size-large is-resized has-custom-border is-style-default\"><img loading=\"lazy\" decoding=\"async\" width=\"1024\" height=\"683\" src=\"https:\/\/vasculai.crosss3.eu\/wp-content\/uploads\/sites\/5\/2025\/07\/pawel-czerwinski-sTmet4DklWE-unsplash-1024x683.jpg\" alt=\"\" class=\"wp-image-345\" style=\"border-style:none;border-width:0px;border-radius:500px;box-shadow:var(--wp--preset--shadow--outlined);aspect-ratio:1;object-fit:cover;width:150px\" srcset=\"https:\/\/vasculai.crosss3.eu\/wp-content\/uploads\/sites\/5\/2025\/07\/pawel-czerwinski-sTmet4DklWE-unsplash-1024x683.jpg 1024w, https:\/\/vasculai.crosss3.eu\/wp-content\/uploads\/sites\/5\/2025\/07\/pawel-czerwinski-sTmet4DklWE-unsplash-300x200.jpg 300w, https:\/\/vasculai.crosss3.eu\/wp-content\/uploads\/sites\/5\/2025\/07\/pawel-czerwinski-sTmet4DklWE-unsplash-768x512.jpg 768w, https:\/\/vasculai.crosss3.eu\/wp-content\/uploads\/sites\/5\/2025\/07\/pawel-czerwinski-sTmet4DklWE-unsplash-1536x1024.jpg 1536w, https:\/\/vasculai.crosss3.eu\/wp-content\/uploads\/sites\/5\/2025\/07\/pawel-czerwinski-sTmet4DklWE-unsplash-600x400.jpg 600w, https:\/\/vasculai.crosss3.eu\/wp-content\/uploads\/sites\/5\/2025\/07\/pawel-czerwinski-sTmet4DklWE-unsplash-1200x800.jpg 1200w, https:\/\/vasculai.crosss3.eu\/wp-content\/uploads\/sites\/5\/2025\/07\/pawel-czerwinski-sTmet4DklWE-unsplash-1620x1080.jpg 1620w, https:\/\/vasculai.crosss3.eu\/wp-content\/uploads\/sites\/5\/2025\/07\/pawel-czerwinski-sTmet4DklWE-unsplash.jpg 1920w\" sizes=\"auto, (max-width: 1024px) 100vw, 1024px\" \/><\/figure>\n<\/div>\n\n\n<h2 class=\"wp-block-heading has-large-font-size\" style=\"line-height:1.4\" id=\"thermische-camera\">Thermische camera<\/h2>\n\n\n<p>De endotheliale functie contactloos analyseren dankzij uiterst nauwkeurige thermische beeldvorming.<\/p>\n\n\n\n<div class=\"wp-block-buttons is-layout-flex wp-block-buttons-is-layout-flex\">\n<div class=\"wp-block-button octopods-button-link is-style-arrow\"><a class=\"wp-block-button__link has-custom-red-color has-text-color has-link-color wp-element-button\" href=\"https:\/\/vasculai.crosss3.eu\/nl\/technologieen\/thermische-camera\/\" style=\"border-style:none;border-width:0px;border-radius:0px;padding-top:0;padding-right:0px;padding-bottom:0;padding-left:0px;font-style:normal;font-weight:500\">Ontdek de technologie<\/a><\/div>\n<\/div>\n<\/div>\n\n\n\n<div data-aos-delay=\"500\" data-aos-duration=\"800\" data-aos-easing=\"ease-out-cubic\" data-aos-once=\"true\" data-aos=\"scale-in-x\" class=\"wp-block-group cross-card-feature has-border-color has-primary-faded-border-color has-primary-color has-base-background-color has-text-color has-background has-link-color wp-elements-de64474db9050bb22502bef63bd15499 wp-container-content-2155ee95 is-vertical is-layout-flex wp-container-core-group-is-layout-56db1471 wp-block-group-is-layout-flex has-aspect-ratio\" style=\"border-width:1px;border-radius:0.75rem;margin-top:var(--wp--preset--spacing--large);padding-top:0;padding-right:var(--wp--preset--spacing--medium);padding-bottom:var(--wp--preset--spacing--medium);padding-left:var(--wp--preset--spacing--medium);box-shadow:var(--wp--preset--shadow--natural);--octopods-group-overlay-gradient:linear-gradient(120deg,rgba(45,179,163,0) 93%,rgba(214,102,94,0.27) 93%);aspect-ratio:auto;min-height:unset;\">\n<div class=\"wp-block-group is-layout-flow wp-container-core-group-is-layout-08439f6b wp-block-group-is-layout-flow\" style=\"margin-top:-80px;margin-bottom:var(--wp--preset--spacing--x-small)\">\n<figure class=\"wp-block-image size-large is-resized has-custom-border is-style-default\"><img loading=\"lazy\" decoding=\"async\" width=\"640\" height=\"1024\" src=\"https:\/\/vasculai.crosss3.eu\/wp-content\/uploads\/sites\/5\/2025\/07\/getty-images-sv9G6e2OrZM-unsplash-640x1024.jpg\" alt=\"\" class=\"wp-image-348\" style=\"border-style:none;border-width:0px;border-radius:500px;box-shadow:var(--wp--preset--shadow--outlined);aspect-ratio:1;object-fit:cover;width:150px\" srcset=\"https:\/\/vasculai.crosss3.eu\/wp-content\/uploads\/sites\/5\/2025\/07\/getty-images-sv9G6e2OrZM-unsplash-640x1024.jpg 640w, https:\/\/vasculai.crosss3.eu\/wp-content\/uploads\/sites\/5\/2025\/07\/getty-images-sv9G6e2OrZM-unsplash-188x300.jpg 188w, https:\/\/vasculai.crosss3.eu\/wp-content\/uploads\/sites\/5\/2025\/07\/getty-images-sv9G6e2OrZM-unsplash-768x1229.jpg 768w, https:\/\/vasculai.crosss3.eu\/wp-content\/uploads\/sites\/5\/2025\/07\/getty-images-sv9G6e2OrZM-unsplash-960x1536.jpg 960w, https:\/\/vasculai.crosss3.eu\/wp-content\/uploads\/sites\/5\/2025\/07\/getty-images-sv9G6e2OrZM-unsplash-281x450.jpg 281w, https:\/\/vasculai.crosss3.eu\/wp-content\/uploads\/sites\/5\/2025\/07\/getty-images-sv9G6e2OrZM-unsplash-563x900.jpg 563w, https:\/\/vasculai.crosss3.eu\/wp-content\/uploads\/sites\/5\/2025\/07\/getty-images-sv9G6e2OrZM-unsplash-675x1080.jpg 675w, https:\/\/vasculai.crosss3.eu\/wp-content\/uploads\/sites\/5\/2025\/07\/getty-images-sv9G6e2OrZM-unsplash.jpg 1200w\" sizes=\"auto, (max-width: 640px) 100vw, 640px\" \/><\/figure>\n<\/div>\n\n\n<h2 class=\"wp-block-heading has-large-font-size\" style=\"line-height:1.4\" id=\"artificiele-intelligentie\">Artifici\u00eble intelligentie<\/h2>\n\n\n<p>Vroegtijdig cardiovasculaire risico\u2019s opsporen dankzij voorspellende AI op basis van de armband en de thermische camera.<\/p>\n\n\n\n<div class=\"wp-block-buttons is-layout-flex wp-block-buttons-is-layout-flex\">\n<div class=\"wp-block-button octopods-button-link is-style-arrow\"><a class=\"wp-block-button__link has-custom-red-color has-text-color has-link-color wp-element-button\" href=\"https:\/\/vasculai.crosss3.eu\/nl\/technologieen\/artificiele-intelligentie\/\" style=\"border-style:none;border-width:0px;border-radius:0px;padding-top:0;padding-right:0px;padding-bottom:0;padding-left:0px;font-style:normal;font-weight:500\">Ontdek de technologie<\/a><\/div>\n<\/div>\n<\/div>\n<\/div>\n<\/div>\n","protected":false},"excerpt":{"rendered":"","protected":false},"author":16,"featured_media":0,"parent":0,"menu_order":0,"comment_status":"closed","ping_status":"closed","template":"no-title","meta":{"_acf_changed":false,"inline_featured_image":false,"parent_blog_id":0,"footnotes":""},"class_list":["post-949","page","type-page","status-publish","hentry"],"acf":[],"yoast_head":"<!-- This site is optimized with the Yoast SEO plugin v27.0 - https:\/\/yoast.com\/product\/yoast-seo-wordpress\/ -->\n<title>Technologie\u00ebn - VasculAI<\/title>\n<meta name=\"description\" content=\"VasculAI : slimme armband, thermische camera en AI voor geavanceerde cardiovasculaire preventie\" \/>\n<meta name=\"robots\" content=\"index, follow, max-snippet:-1, max-image-preview:large, max-video-preview:-1\" \/>\n<link rel=\"canonical\" href=\"https:\/\/vasculai.crosss3.eu\/nl\/technologieen\/\" \/>\n<meta property=\"og:locale\" content=\"nl_NL\" \/>\n<meta property=\"og:type\" content=\"article\" \/>\n<meta property=\"og:title\" content=\"Technologie\u00ebn - VasculAI\" \/>\n<meta property=\"og:description\" content=\"VasculAI : slimme armband, thermische camera en AI voor geavanceerde cardiovasculaire preventie\" \/>\n<meta property=\"og:url\" content=\"https:\/\/vasculai.crosss3.eu\/nl\/technologieen\/\" \/>\n<meta property=\"og:site_name\" content=\"VasculAI\" \/>\n<meta property=\"article:modified_time\" content=\"2025-12-01T08:15:38+00:00\" \/>\n<meta property=\"og:image\" content=\"https:\/\/vasculai.crosss3.eu\/wp-content\/uploads\/sites\/5\/2025\/07\/Image-821.jpg\" \/>\n\t<meta property=\"og:image:width\" content=\"1920\" \/>\n\t<meta property=\"og:image:height\" content=\"1280\" \/>\n\t<meta property=\"og:image:type\" content=\"image\/jpeg\" \/>\n<meta name=\"twitter:card\" content=\"summary_large_image\" \/>\n<meta name=\"twitter:label1\" content=\"Geschatte leestijd\" \/>\n\t<meta name=\"twitter:data1\" content=\"1 minuut\" \/>\n<script type=\"application\/ld+json\" class=\"yoast-schema-graph\">{\"@context\":\"https:\/\/schema.org\",\"@graph\":[{\"@type\":\"WebPage\",\"@id\":\"https:\/\/vasculai.crosss3.eu\/nl\/technologieen\/\",\"url\":\"https:\/\/vasculai.crosss3.eu\/nl\/technologieen\/\",\"name\":\"Technologie\u00ebn - VasculAI\",\"isPartOf\":{\"@id\":\"https:\/\/vasculai.crosss3.eu\/#website\"},\"primaryImageOfPage\":{\"@id\":\"https:\/\/vasculai.crosss3.eu\/nl\/technologieen\/#primaryimage\"},\"image\":{\"@id\":\"https:\/\/vasculai.crosss3.eu\/nl\/technologieen\/#primaryimage\"},\"thumbnailUrl\":\"https:\/\/vasculai.crosss3.eu\/wp-content\/uploads\/sites\/5\/2025\/07\/Image-821-1024x683.jpg\",\"datePublished\":\"2025-07-29T13:10:40+00:00\",\"dateModified\":\"2025-12-01T08:15:38+00:00\",\"description\":\"VasculAI : slimme armband, thermische camera en AI voor geavanceerde cardiovasculaire preventie\",\"breadcrumb\":{\"@id\":\"https:\/\/vasculai.crosss3.eu\/nl\/technologieen\/#breadcrumb\"},\"inLanguage\":\"nl-NL\",\"potentialAction\":[{\"@type\":\"ReadAction\",\"target\":[\"https:\/\/vasculai.crosss3.eu\/nl\/technologieen\/\"]}]},{\"@type\":\"ImageObject\",\"inLanguage\":\"nl-NL\",\"@id\":\"https:\/\/vasculai.crosss3.eu\/nl\/technologieen\/#primaryimage\",\"url\":\"https:\/\/vasculai.crosss3.eu\/wp-content\/uploads\/sites\/5\/2025\/07\/Image-821-1024x683.jpg\",\"contentUrl\":\"https:\/\/vasculai.crosss3.eu\/wp-content\/uploads\/sites\/5\/2025\/07\/Image-821-1024x683.jpg\"},{\"@type\":\"BreadcrumbList\",\"@id\":\"https:\/\/vasculai.crosss3.eu\/nl\/technologieen\/#breadcrumb\",\"itemListElement\":[{\"@type\":\"ListItem\",\"position\":1,\"name\":\"Accueil\",\"item\":\"https:\/\/vasculai.crosss3.eu\/nl\/\"},{\"@type\":\"ListItem\",\"position\":2,\"name\":\"Technologie\u00ebn\"}]},{\"@type\":\"WebSite\",\"@id\":\"https:\/\/vasculai.crosss3.eu\/#website\",\"url\":\"https:\/\/vasculai.crosss3.eu\/\",\"name\":\"VasculAI\",\"description\":\"Pr\u00e9venir les maladies cardiovasculaires gr\u00e2ce \u00e0 l&#039;IA\",\"publisher\":{\"@id\":\"https:\/\/vasculai.crosss3.eu\/#organization\"},\"potentialAction\":[{\"@type\":\"SearchAction\",\"target\":{\"@type\":\"EntryPoint\",\"urlTemplate\":\"https:\/\/vasculai.crosss3.eu\/?s={search_term_string}\"},\"query-input\":{\"@type\":\"PropertyValueSpecification\",\"valueRequired\":true,\"valueName\":\"search_term_string\"}}],\"inLanguage\":\"nl-NL\"},{\"@type\":\"Organization\",\"@id\":\"https:\/\/vasculai.crosss3.eu\/#organization\",\"name\":\"VasculAI\",\"url\":\"https:\/\/vasculai.crosss3.eu\/\",\"logo\":{\"@type\":\"ImageObject\",\"inLanguage\":\"nl-NL\",\"@id\":\"https:\/\/vasculai.crosss3.eu\/#\/schema\/logo\/image\/\",\"url\":\"https:\/\/vasculai.crosss3.eu\/wp-content\/uploads\/sites\/5\/2025\/07\/logo-vaculai-rvb.png\",\"contentUrl\":\"https:\/\/vasculai.crosss3.eu\/wp-content\/uploads\/sites\/5\/2025\/07\/logo-vaculai-rvb.png\",\"width\":1587,\"height\":908,\"caption\":\"VasculAI\"},\"image\":{\"@id\":\"https:\/\/vasculai.crosss3.eu\/#\/schema\/logo\/image\/\"}}]}<\/script>\n<!-- \/ Yoast SEO plugin. -->","yoast_head_json":{"title":"Technologie\u00ebn - VasculAI","description":"VasculAI : slimme armband, thermische camera en AI voor geavanceerde cardiovasculaire preventie","robots":{"index":"index","follow":"follow","max-snippet":"max-snippet:-1","max-image-preview":"max-image-preview:large","max-video-preview":"max-video-preview:-1"},"canonical":"https:\/\/vasculai.crosss3.eu\/nl\/technologieen\/","og_locale":"nl_NL","og_type":"article","og_title":"Technologie\u00ebn - VasculAI","og_description":"VasculAI : slimme armband, thermische camera en AI voor geavanceerde cardiovasculaire preventie","og_url":"https:\/\/vasculai.crosss3.eu\/nl\/technologieen\/","og_site_name":"VasculAI","article_modified_time":"2025-12-01T08:15:38+00:00","og_image":[{"width":1920,"height":1280,"url":"https:\/\/vasculai.crosss3.eu\/wp-content\/uploads\/sites\/5\/2025\/07\/Image-821.jpg","type":"image\/jpeg"}],"twitter_card":"summary_large_image","twitter_misc":{"Geschatte leestijd":"1 minuut"},"schema":{"@context":"https:\/\/schema.org","@graph":[{"@type":"WebPage","@id":"https:\/\/vasculai.crosss3.eu\/nl\/technologieen\/","url":"https:\/\/vasculai.crosss3.eu\/nl\/technologieen\/","name":"Technologie\u00ebn - VasculAI","isPartOf":{"@id":"https:\/\/vasculai.crosss3.eu\/#website"},"primaryImageOfPage":{"@id":"https:\/\/vasculai.crosss3.eu\/nl\/technologieen\/#primaryimage"},"image":{"@id":"https:\/\/vasculai.crosss3.eu\/nl\/technologieen\/#primaryimage"},"thumbnailUrl":"https:\/\/vasculai.crosss3.eu\/wp-content\/uploads\/sites\/5\/2025\/07\/Image-821-1024x683.jpg","datePublished":"2025-07-29T13:10:40+00:00","dateModified":"2025-12-01T08:15:38+00:00","description":"VasculAI : slimme armband, thermische camera en AI voor geavanceerde cardiovasculaire preventie","breadcrumb":{"@id":"https:\/\/vasculai.crosss3.eu\/nl\/technologieen\/#breadcrumb"},"inLanguage":"nl-NL","potentialAction":[{"@type":"ReadAction","target":["https:\/\/vasculai.crosss3.eu\/nl\/technologieen\/"]}]},{"@type":"ImageObject","inLanguage":"nl-NL","@id":"https:\/\/vasculai.crosss3.eu\/nl\/technologieen\/#primaryimage","url":"https:\/\/vasculai.crosss3.eu\/wp-content\/uploads\/sites\/5\/2025\/07\/Image-821-1024x683.jpg","contentUrl":"https:\/\/vasculai.crosss3.eu\/wp-content\/uploads\/sites\/5\/2025\/07\/Image-821-1024x683.jpg"},{"@type":"BreadcrumbList","@id":"https:\/\/vasculai.crosss3.eu\/nl\/technologieen\/#breadcrumb","itemListElement":[{"@type":"ListItem","position":1,"name":"Accueil","item":"https:\/\/vasculai.crosss3.eu\/nl\/"},{"@type":"ListItem","position":2,"name":"Technologie\u00ebn"}]},{"@type":"WebSite","@id":"https:\/\/vasculai.crosss3.eu\/#website","url":"https:\/\/vasculai.crosss3.eu\/","name":"VasculAI","description":"Pr\u00e9venir les maladies cardiovasculaires gr\u00e2ce \u00e0 l&#039;IA","publisher":{"@id":"https:\/\/vasculai.crosss3.eu\/#organization"},"potentialAction":[{"@type":"SearchAction","target":{"@type":"EntryPoint","urlTemplate":"https:\/\/vasculai.crosss3.eu\/?s={search_term_string}"},"query-input":{"@type":"PropertyValueSpecification","valueRequired":true,"valueName":"search_term_string"}}],"inLanguage":"nl-NL"},{"@type":"Organization","@id":"https:\/\/vasculai.crosss3.eu\/#organization","name":"VasculAI","url":"https:\/\/vasculai.crosss3.eu\/","logo":{"@type":"ImageObject","inLanguage":"nl-NL","@id":"https:\/\/vasculai.crosss3.eu\/#\/schema\/logo\/image\/","url":"https:\/\/vasculai.crosss3.eu\/wp-content\/uploads\/sites\/5\/2025\/07\/logo-vaculai-rvb.png","contentUrl":"https:\/\/vasculai.crosss3.eu\/wp-content\/uploads\/sites\/5\/2025\/07\/logo-vaculai-rvb.png","width":1587,"height":908,"caption":"VasculAI"},"image":{"@id":"https:\/\/vasculai.crosss3.eu\/#\/schema\/logo\/image\/"}}]}},"_links":{"self":[{"href":"https:\/\/vasculai.crosss3.eu\/nl\/wp-json\/wp\/v2\/pages\/949","targetHints":{"allow":["GET"]}}],"collection":[{"href":"https:\/\/vasculai.crosss3.eu\/nl\/wp-json\/wp\/v2\/pages"}],"about":[{"href":"https:\/\/vasculai.crosss3.eu\/nl\/wp-json\/wp\/v2\/types\/page"}],"author":[{"embeddable":true,"href":"https:\/\/vasculai.crosss3.eu\/nl\/wp-json\/wp\/v2\/users\/16"}],"replies":[{"embeddable":true,"href":"https:\/\/vasculai.crosss3.eu\/nl\/wp-json\/wp\/v2\/comments?post=949"}],"version-history":[{"count":2,"href":"https:\/\/vasculai.crosss3.eu\/nl\/wp-json\/wp\/v2\/pages\/949\/revisions"}],"predecessor-version":[{"id":1069,"href":"https:\/\/vasculai.crosss3.eu\/nl\/wp-json\/wp\/v2\/pages\/949\/revisions\/1069"}],"wp:attachment":[{"href":"https:\/\/vasculai.crosss3.eu\/nl\/wp-json\/wp\/v2\/media?parent=949"}],"curies":[{"name":"wp","href":"https:\/\/api.w.org\/{rel}","templated":true}]}}