{"id":943,"date":"2025-07-29T15:13:30","date_gmt":"2025-07-29T13:13:30","guid":{"rendered":"https:\/\/vasculai.crosss3.eu\/?page_id=943"},"modified":"2025-12-01T09:57:02","modified_gmt":"2025-12-01T08:57:02","slug":"slimme-armband","status":"publish","type":"page","link":"https:\/\/vasculai.crosss3.eu\/nl\/technologieen\/slimme-armband\/","title":{"rendered":"Slimme armband"},"content":{"rendered":"<h2 class=\"wp-block-heading\" id=\"iot-en-slimme-armband-wanneer-technologie-een-hulpmiddel-wordt-om-het-cardiovasculaire-systeem-te-begrijpen\">IoT en slimme armband: wanneer technologie een hulpmiddel wordt om het cardiovasculaire systeem te begrijpen<\/h2>\n\n\n<p><strong>Het internet der dingen (IoT) verandert onze mogelijkheden om de werking van het menselijk lichaam, en met name het cardiovasculaire systeem, te observeren en te begrijpen ingrijpend. Dankzij connected armbanden die zijn ontworpen om incidentele fysiologische metingen in medische omgevingen uit te voeren, wordt het mogelijk om een objectieve en gestandaardiseerde beoordeling van de cardiovasculaire toestand van pati\u00ebnten te verkrijgen.<\/strong><br><br>In het kader van het VasculAI-project zijn deze apparaten ontworpen om in verschillende contexten te worden ge\u00efntegreerd: <strong><mark style=\"color:#0d3178\" class=\"has-inline-color\">apotheken, autonome telegeneeskundecentra, huisartsenpraktijken, ziekenhuizen of zelfs bij zelfstandige gezondheidswerkers zoals verpleegkundigen.<\/mark><\/strong><br><br>Het doel is om concrete oplossingen te bieden<strong><mark style=\"color:#0d3178\" class=\"has-inline-color\"> voor gebieden die te maken hebben met een tekort aan medische zorg<\/mark><\/strong>, waar een gebrek aan personeel en overbelaste zorginfrastructuren de toegang tot diagnose en preventieve zorg beperken.<\/p>\n\n\n\n<p>Deze slimme armbanden bieden dus een nieuwe manier om de cardiovasculaire gezondheid op afstand te monitoren, zorgverleners te ondersteunen en de continu\u00efteit van de zorg te waarborgen, zelfs in de meest afgelegen gebieden.<br><br><strong><mark style=\"color:#0d3178\" class=\"has-inline-color\">Maar wat houdt het ontwikkelen van een IoT-armband voor medisch gebruik eigenlijk in? En waarom is deze technologie bijzonder geschikt voor hart- en vaatziektenpreventie?<\/mark><\/strong><\/p>\n\n\n\n<figure class=\"wp-block-image alignright size-large is-resized\"><img loading=\"lazy\" decoding=\"async\" width=\"1024\" height=\"768\" src=\"https:\/\/vasculai.crosss3.eu\/wp-content\/uploads\/sites\/5\/2025\/11\/20251021_123300-1024x768.jpg\" alt=\"Tests crois\u00e9s entre la mesure de la fonction endoth\u00e9liale et la captation du bracelet.\" class=\"wp-image-889\" style=\"width:444px;height:auto\" srcset=\"https:\/\/vasculai.crosss3.eu\/wp-content\/uploads\/sites\/5\/2025\/11\/20251021_123300-1024x768.jpg 1024w, https:\/\/vasculai.crosss3.eu\/wp-content\/uploads\/sites\/5\/2025\/11\/20251021_123300-300x225.jpg 300w, https:\/\/vasculai.crosss3.eu\/wp-content\/uploads\/sites\/5\/2025\/11\/20251021_123300-768x576.jpg 768w, https:\/\/vasculai.crosss3.eu\/wp-content\/uploads\/sites\/5\/2025\/11\/20251021_123300-1536x1152.jpg 1536w, https:\/\/vasculai.crosss3.eu\/wp-content\/uploads\/sites\/5\/2025\/11\/20251021_123300-600x450.jpg 600w, https:\/\/vasculai.crosss3.eu\/wp-content\/uploads\/sites\/5\/2025\/11\/20251021_123300-1200x900.jpg 1200w, https:\/\/vasculai.crosss3.eu\/wp-content\/uploads\/sites\/5\/2025\/11\/20251021_123300-1440x1080.jpg 1440w, https:\/\/vasculai.crosss3.eu\/wp-content\/uploads\/sites\/5\/2025\/11\/20251021_123300.jpg 1920w\" sizes=\"auto, (max-width: 1024px) 100vw, 1024px\" \/><\/figure>\n\n\n\n<p><strong><mark class=\"has-inline-color has-custom-red-color\">1<\/mark><\/strong>.<strong><mark class=\"has-inline-color has-custom-red-color\">Een nieuwe benadering van fysiologische metingen<br><\/mark><\/strong>Historisch gezien is de evaluatie van cardiovasculaire parameters gebaseerd op vaste, vaak zware instrumenten en weinig flexibele protocollen. Deze benaderingen leveren nuttige waarden op, maar zijn soms beperkt in hun vermogen om de complexiteit van de vasculaire werking weer te geven.<\/p>\n\n\n\n<p>De slimme armband introduceert een nieuwe logica: deze metingen toegankelijker, sneller uitvoerbaar en gemakkelijker integreerbaar maken in het zorgtraject. Het gaat er niet om continu te monitoren, maar om betrouwbare en gestandaardiseerde evaluaties mogelijk te maken, direct bij de pati\u00ebnt. Deze aanpak bevordert een beter begrip van de cardiovasculaire dynamiek en sluit tegelijkertijd naadloos aan bij de praktijk van zorgprofessionals.<\/p>\n\n\n\n<p><strong><mark class=\"has-inline-color has-custom-red-color\">2. De klinische waarde van de gemeten parameters<\/mark><\/strong><br>De parameters die door de armband worden gemeten, zijn essenti\u00eble indicatoren voor de werking van het cardiovasculaire systeem:<\/p>\n\n\n\n<ul class=\"wp-block-list\">\n<li><strong><mark style=\"color:#0d3178\" class=\"has-inline-color\">De hartslag<\/mark><\/strong> geeft informatie over het evenwicht tussen de regulatiesystemen van het lichaam en het vermogen om zich aan te passen aan interne en externe prikkels.<\/li>\n\n\n\n<li><strong><mark style=\"color:#0d3178\" class=\"has-inline-color\">De bloeddruk<\/mark><\/strong> weerspiegelt de druk op de vaatwanden en laat met name circadiane variaties zien, die bij incidentele metingen vaak niet zichtbaar zijn.<\/li>\n\n\n\n<li><strong><mark style=\"color:#0d3178\" class=\"has-inline-color\">De bloedstroom<\/mark><\/strong> is een functionele indicator voor de doorbloeding van weefsels en het aanpassingsvermogen van het vaatstelsel aan fysiologische behoeften.<\/li>\n<\/ul>\n\n\n\n<p>R\u00e9unis au sein d\u2019un m\u00eame dispositif, ces indicateurs permettent une approche globale, coh\u00e9rente et personnalis\u00e9e de l\u2019\u00e9valuation vasculaire.<\/p>\n\n\n\n<p><strong><mark class=\"has-inline-color has-custom-red-color\">3.<\/mark><\/strong> <strong><mark class=\"has-inline-color has-custom-red-color\">Het IoT als technologische ruggengraat<br><\/mark><\/strong>De innovatie van de IoT-armband is niet gebaseerd op \u00e9\u00e9n enkel element, maar op <strong><mark style=\"color:#0d3178\" class=\"has-inline-color\">de synergie van verschillende technologische domeinen<\/mark><\/strong>:<\/p>\n\n\n\n<figure class=\"wp-block-image alignleft size-large is-resized\"><img loading=\"lazy\" decoding=\"async\" width=\"768\" height=\"1024\" src=\"https:\/\/vasculai.crosss3.eu\/wp-content\/uploads\/sites\/5\/2025\/09\/article-3-uphf-768x1024.jpg\" alt=\"L'UPHF collabore avec une universit\u00e9 indon\u00e9sienne\" class=\"wp-image-588\" style=\"width:299px;height:auto\" srcset=\"https:\/\/vasculai.crosss3.eu\/wp-content\/uploads\/sites\/5\/2025\/09\/article-3-uphf-768x1024.jpg 768w, https:\/\/vasculai.crosss3.eu\/wp-content\/uploads\/sites\/5\/2025\/09\/article-3-uphf-225x300.jpg 225w, https:\/\/vasculai.crosss3.eu\/wp-content\/uploads\/sites\/5\/2025\/09\/article-3-uphf-1152x1536.jpg 1152w, https:\/\/vasculai.crosss3.eu\/wp-content\/uploads\/sites\/5\/2025\/09\/article-3-uphf-338x450.jpg 338w, https:\/\/vasculai.crosss3.eu\/wp-content\/uploads\/sites\/5\/2025\/09\/article-3-uphf-675x900.jpg 675w, https:\/\/vasculai.crosss3.eu\/wp-content\/uploads\/sites\/5\/2025\/09\/article-3-uphf-810x1080.jpg 810w, https:\/\/vasculai.crosss3.eu\/wp-content\/uploads\/sites\/5\/2025\/09\/article-3-uphf.jpg 1440w\" sizes=\"auto, (max-width: 768px) 100vw, 768px\" \/><\/figure>\n\n\n\n<ul class=\"wp-block-list\">\n<li>Geavanceerde micro-elektronica<\/li>\n\n\n\n<li>Miniatuur biomedische sensoren<\/li>\n\n\n\n<li><a href=\"https:\/\/vasculai.crosss3.eu\/nl\/2025\/10\/17\/optimaliseert-de-overdracht-van-medische-gegevens\/\">Beveiligde draadloze communicatie<\/a><\/li>\n\n\n\n<li><a href=\"\/nl\/?p=991\">Ingebouwde signaalverwerking<\/a><\/li>\n\n\n\n<li><a href=\"https:\/\/vasculai.crosss3.eu\/nl\/2025\/09\/09\/een-eerste-prototype-voor-de-slimme-armband\/\">Materialen geschikt voor medisch gebruik<\/a><\/li>\n<\/ul>\n\n\n\n<p>In het kader van VasculAI <strong><mark style=\"color:#0d3178\" class=\"has-inline-color\">structureert het IoT de hele waardeketen<\/mark><\/strong>, van het meten tot het intelligent gebruik van gegevens:<\/p>\n\n\n\n<ul class=\"wp-block-list\">\n<li>Verzameling van fysiologische signalen<\/li>\n\n\n\n<li>Reiniging en voorbewerking aan boord<\/li>\n\n\n\n<li>Extractie van relevante parameters en kenmerken<\/li>\n\n\n\n<li>Beveiligde gegevensoverdracht<\/li>\n\n\n\n<li>Weergave van indicatoren die bruikbaar zijn voor gezondheidswerkers<br><\/li>\n<\/ul>\n\n\n\n<div class=\"wp-block-group is-nowrap is-layout-flex wp-container-core-group-is-layout-6c531013 wp-block-group-is-layout-flex\">\n<p>De armband verzamelt niet alleen gegevens, maar zet zich ook actief in om deze om te zetten in bruikbare informatie. Deze continue en intelligente aanpak maakt het mogelijk om onevenwichtigheden vroegtijdig op te sporen, preventieve en voorspellende geneeskunde te bevorderen en de druk op de gezondheidszorg te verminderen.<\/p>\n<\/div>\n\n\n\n<p><strong><mark class=\"has-inline-color has-custom-red-color\">4. Wetenschappelijke en technologische uitdagingen<br><\/mark><\/strong>Het ontwerpen van een echt betrouwbare armband voor de gezondheid van de bloedvaten brengt verschillende uitdagingen met zich mee:<\/p>\n\n\n\n<figure class=\"wp-block-image alignright size-full\"><img loading=\"lazy\" decoding=\"async\" width=\"447\" height=\"231\" src=\"https:\/\/vasculai.crosss3.eu\/wp-content\/uploads\/sites\/5\/2025\/09\/article-3-uphf2.png\" alt=\"Bracelet connect\u00e9\" class=\"wp-image-585\" srcset=\"https:\/\/vasculai.crosss3.eu\/wp-content\/uploads\/sites\/5\/2025\/09\/article-3-uphf2.png 447w, https:\/\/vasculai.crosss3.eu\/wp-content\/uploads\/sites\/5\/2025\/09\/article-3-uphf2-300x155.png 300w\" sizes=\"auto, (max-width: 447px) 100vw, 447px\" \/><\/figure>\n\n\n\n<ul class=\"wp-block-list\">\n<li><strong><mark style=\"color:#0d3178\" class=\"has-inline-color\">Betrouwbaarheid van metingen<\/mark><\/strong> onder re\u00eble gebruiksomstandigheden.<\/li>\n\n\n\n<li><strong><mark style=\"color:#0d3178\" class=\"has-inline-color\">Optimalisatie van het energieverbruik.<\/mark><\/strong><\/li>\n\n\n\n<li><strong><mark style=\"color:#0d3178\" class=\"has-inline-color\">Bescherming van de veiligheid en vertrouwelijkheid van medische gegevens<\/mark><\/strong> in overeenstemming met de Europese regelgeving.<\/li>\n\n\n\n<li><strong><mark style=\"color:#0d3178\" class=\"has-inline-color\">Interpretatie van signalen <\/mark><\/strong>om duidelijke en nuttige informatie te genereren voor zorgverleners.<\/li>\n\n\n\n<li><strong><mark style=\"color:#0d3178\" class=\"has-inline-color\">Hardware-integratie<\/mark><\/strong>: miniaturisatie, comfort, biocompatibiliteit en mechanische robuustheid.<\/li>\n<\/ul>\n\n\n\n<p><\/p>\n\n\n\n<p><strong><mark class=\"has-inline-color has-custom-red-color\">5. Op weg naar een nauwkeurigere en toegankelijkere geneeskunde<br><\/mark><\/strong>De slimme armband is <strong><mark style=\"color:#0d3178\" class=\"has-inline-color\">niet bedoeld om de expertise van zorgprofessionals te vervangen, maar om deze aan te vullen<\/mark><\/strong>. Door in verschillende zorgcontexten toegang te bieden tot geavanceerde vasculaire metingen, maakt het beter ge\u00efnformeerde klinische beslissingen en een nauwkeurigere stratificatie van cardiovasculaire risico&#8217;s mogelijk. Deze technologie maakt dus deel uit van <strong><mark style=\"color:#0d3178\" class=\"has-inline-color\">de overgang naar een meer preventieve, gepersonaliseerde en effectievere geneeskunde tegen hart- en vaatziekten<\/mark><\/strong>.<br><br><strong><mark class=\"has-inline-color has-custom-red-color\">Conclusie<\/mark><\/strong><br>In het VasculAI-project is het IoT niet alleen een communicatietechnologie, maar een echte architectuur ten dienste van fysiologische metingen en medische interpretatie. De verbonden armband wordt een verbindingsmiddel tussen de pati\u00ebnt, het biologische signaal en de zorgverlener. Dankzij de combinatie van micro-elektronica, beveiligde communicatie en intelligente gegevensverwerking is het doel niet om het aantal apparaten te vergroten, maar om een betrouwbare, discrete technologie aan te bieden die perfect ge\u00efntegreerd is in de bestaande medische praktijken.<\/p>\n\n\n\n<p><\/p>\n","protected":false},"excerpt":{"rendered":"<p>IoT en slimme armband: wanneer technologie een hulpmiddel wordt om het cardiovasculaire systeem te begrijpen Het internet der dingen (IoT) verandert onze mogelijkheden om de werking van het menselijk lichaam, en met name het cardiovasculaire systeem, te observeren en te begrijpen ingrijpend. Dankzij connected armbanden die zijn ontworpen om incidentele fysiologische metingen in medische omgevingen [&hellip;]<\/p>\n","protected":false},"author":16,"featured_media":233,"parent":949,"menu_order":0,"comment_status":"closed","ping_status":"closed","template":"technology","meta":{"_acf_changed":false,"inline_featured_image":false,"parent_blog_id":0,"footnotes":""},"class_list":["post-943","page","type-page","status-publish","has-post-thumbnail","hentry"],"acf":[],"yoast_head":"<!-- This site is optimized with the Yoast SEO plugin v27.0 - https:\/\/yoast.com\/product\/yoast-seo-wordpress\/ -->\n<title>Slimme armband - VasculAI<\/title>\n<meta name=\"description\" content=\"IoT en slimme armband: wanneer technologie een hulpmiddel wordt om het cardiovasculaire systeem te begrijpen\" \/>\n<meta name=\"robots\" content=\"index, follow, max-snippet:-1, max-image-preview:large, max-video-preview:-1\" \/>\n<link rel=\"canonical\" href=\"https:\/\/vasculai.crosss3.eu\/nl\/technologieen\/slimme-armband\/\" \/>\n<meta property=\"og:locale\" content=\"nl_NL\" \/>\n<meta property=\"og:type\" content=\"article\" \/>\n<meta property=\"og:title\" content=\"Slimme armband - VasculAI\" \/>\n<meta property=\"og:description\" content=\"IoT en slimme armband: wanneer technologie een hulpmiddel wordt om het cardiovasculaire systeem te begrijpen\" \/>\n<meta property=\"og:url\" content=\"https:\/\/vasculai.crosss3.eu\/nl\/technologieen\/slimme-armband\/\" \/>\n<meta property=\"og:site_name\" content=\"VasculAI\" \/>\n<meta property=\"article:modified_time\" content=\"2025-12-01T08:57:02+00:00\" \/>\n<meta property=\"og:image\" content=\"https:\/\/vasculai.crosss3.eu\/wp-content\/uploads\/sites\/5\/2025\/07\/Image-821.jpg\" \/>\n\t<meta property=\"og:image:width\" content=\"1920\" \/>\n\t<meta property=\"og:image:height\" content=\"1280\" \/>\n\t<meta property=\"og:image:type\" content=\"image\/jpeg\" \/>\n<meta name=\"twitter:card\" content=\"summary_large_image\" \/>\n<meta name=\"twitter:label1\" content=\"Geschatte leestijd\" \/>\n\t<meta name=\"twitter:data1\" content=\"5 minuten\" \/>\n<script type=\"application\/ld+json\" class=\"yoast-schema-graph\">{\"@context\":\"https:\/\/schema.org\",\"@graph\":[{\"@type\":\"WebPage\",\"@id\":\"https:\/\/vasculai.crosss3.eu\/nl\/technologieen\/slimme-armband\/\",\"url\":\"https:\/\/vasculai.crosss3.eu\/nl\/technologieen\/slimme-armband\/\",\"name\":\"Slimme armband - VasculAI\",\"isPartOf\":{\"@id\":\"https:\/\/vasculai.crosss3.eu\/#website\"},\"primaryImageOfPage\":{\"@id\":\"https:\/\/vasculai.crosss3.eu\/nl\/technologieen\/slimme-armband\/#primaryimage\"},\"image\":{\"@id\":\"https:\/\/vasculai.crosss3.eu\/nl\/technologieen\/slimme-armband\/#primaryimage\"},\"thumbnailUrl\":\"https:\/\/vasculai.crosss3.eu\/wp-content\/uploads\/sites\/5\/2025\/07\/Image-821.jpg\",\"datePublished\":\"2025-07-29T13:13:30+00:00\",\"dateModified\":\"2025-12-01T08:57:02+00:00\",\"description\":\"IoT en slimme armband: wanneer technologie een hulpmiddel wordt om het cardiovasculaire systeem te begrijpen\",\"breadcrumb\":{\"@id\":\"https:\/\/vasculai.crosss3.eu\/nl\/technologieen\/slimme-armband\/#breadcrumb\"},\"inLanguage\":\"nl-NL\",\"potentialAction\":[{\"@type\":\"ReadAction\",\"target\":[\"https:\/\/vasculai.crosss3.eu\/nl\/technologieen\/slimme-armband\/\"]}]},{\"@type\":\"ImageObject\",\"inLanguage\":\"nl-NL\",\"@id\":\"https:\/\/vasculai.crosss3.eu\/nl\/technologieen\/slimme-armband\/#primaryimage\",\"url\":\"https:\/\/vasculai.crosss3.eu\/wp-content\/uploads\/sites\/5\/2025\/07\/Image-821.jpg\",\"contentUrl\":\"https:\/\/vasculai.crosss3.eu\/wp-content\/uploads\/sites\/5\/2025\/07\/Image-821.jpg\",\"width\":1920,\"height\":1280},{\"@type\":\"BreadcrumbList\",\"@id\":\"https:\/\/vasculai.crosss3.eu\/nl\/technologieen\/slimme-armband\/#breadcrumb\",\"itemListElement\":[{\"@type\":\"ListItem\",\"position\":1,\"name\":\"Accueil\",\"item\":\"https:\/\/vasculai.crosss3.eu\/nl\/\"},{\"@type\":\"ListItem\",\"position\":2,\"name\":\"Technologie\u00ebn\",\"item\":\"https:\/\/vasculai.crosss3.eu\/nl\/technologieen\/\"},{\"@type\":\"ListItem\",\"position\":3,\"name\":\"Slimme armband\"}]},{\"@type\":\"WebSite\",\"@id\":\"https:\/\/vasculai.crosss3.eu\/#website\",\"url\":\"https:\/\/vasculai.crosss3.eu\/\",\"name\":\"VasculAI\",\"description\":\"Pr\u00e9venir les maladies cardiovasculaires gr\u00e2ce \u00e0 l&#039;IA\",\"publisher\":{\"@id\":\"https:\/\/vasculai.crosss3.eu\/#organization\"},\"potentialAction\":[{\"@type\":\"SearchAction\",\"target\":{\"@type\":\"EntryPoint\",\"urlTemplate\":\"https:\/\/vasculai.crosss3.eu\/?s={search_term_string}\"},\"query-input\":{\"@type\":\"PropertyValueSpecification\",\"valueRequired\":true,\"valueName\":\"search_term_string\"}}],\"inLanguage\":\"nl-NL\"},{\"@type\":\"Organization\",\"@id\":\"https:\/\/vasculai.crosss3.eu\/#organization\",\"name\":\"VasculAI\",\"url\":\"https:\/\/vasculai.crosss3.eu\/\",\"logo\":{\"@type\":\"ImageObject\",\"inLanguage\":\"nl-NL\",\"@id\":\"https:\/\/vasculai.crosss3.eu\/#\/schema\/logo\/image\/\",\"url\":\"https:\/\/vasculai.crosss3.eu\/wp-content\/uploads\/sites\/5\/2025\/07\/logo-vaculai-rvb.png\",\"contentUrl\":\"https:\/\/vasculai.crosss3.eu\/wp-content\/uploads\/sites\/5\/2025\/07\/logo-vaculai-rvb.png\",\"width\":1587,\"height\":908,\"caption\":\"VasculAI\"},\"image\":{\"@id\":\"https:\/\/vasculai.crosss3.eu\/#\/schema\/logo\/image\/\"}}]}<\/script>\n<!-- \/ Yoast SEO plugin. -->","yoast_head_json":{"title":"Slimme armband - VasculAI","description":"IoT en slimme armband: wanneer technologie een hulpmiddel wordt om het cardiovasculaire systeem te begrijpen","robots":{"index":"index","follow":"follow","max-snippet":"max-snippet:-1","max-image-preview":"max-image-preview:large","max-video-preview":"max-video-preview:-1"},"canonical":"https:\/\/vasculai.crosss3.eu\/nl\/technologieen\/slimme-armband\/","og_locale":"nl_NL","og_type":"article","og_title":"Slimme armband - VasculAI","og_description":"IoT en slimme armband: wanneer technologie een hulpmiddel wordt om het cardiovasculaire systeem te begrijpen","og_url":"https:\/\/vasculai.crosss3.eu\/nl\/technologieen\/slimme-armband\/","og_site_name":"VasculAI","article_modified_time":"2025-12-01T08:57:02+00:00","og_image":[{"width":1920,"height":1280,"url":"https:\/\/vasculai.crosss3.eu\/wp-content\/uploads\/sites\/5\/2025\/07\/Image-821.jpg","type":"image\/jpeg"}],"twitter_card":"summary_large_image","twitter_misc":{"Geschatte leestijd":"5 minuten"},"schema":{"@context":"https:\/\/schema.org","@graph":[{"@type":"WebPage","@id":"https:\/\/vasculai.crosss3.eu\/nl\/technologieen\/slimme-armband\/","url":"https:\/\/vasculai.crosss3.eu\/nl\/technologieen\/slimme-armband\/","name":"Slimme armband - VasculAI","isPartOf":{"@id":"https:\/\/vasculai.crosss3.eu\/#website"},"primaryImageOfPage":{"@id":"https:\/\/vasculai.crosss3.eu\/nl\/technologieen\/slimme-armband\/#primaryimage"},"image":{"@id":"https:\/\/vasculai.crosss3.eu\/nl\/technologieen\/slimme-armband\/#primaryimage"},"thumbnailUrl":"https:\/\/vasculai.crosss3.eu\/wp-content\/uploads\/sites\/5\/2025\/07\/Image-821.jpg","datePublished":"2025-07-29T13:13:30+00:00","dateModified":"2025-12-01T08:57:02+00:00","description":"IoT en slimme armband: wanneer technologie een hulpmiddel wordt om het cardiovasculaire systeem te begrijpen","breadcrumb":{"@id":"https:\/\/vasculai.crosss3.eu\/nl\/technologieen\/slimme-armband\/#breadcrumb"},"inLanguage":"nl-NL","potentialAction":[{"@type":"ReadAction","target":["https:\/\/vasculai.crosss3.eu\/nl\/technologieen\/slimme-armband\/"]}]},{"@type":"ImageObject","inLanguage":"nl-NL","@id":"https:\/\/vasculai.crosss3.eu\/nl\/technologieen\/slimme-armband\/#primaryimage","url":"https:\/\/vasculai.crosss3.eu\/wp-content\/uploads\/sites\/5\/2025\/07\/Image-821.jpg","contentUrl":"https:\/\/vasculai.crosss3.eu\/wp-content\/uploads\/sites\/5\/2025\/07\/Image-821.jpg","width":1920,"height":1280},{"@type":"BreadcrumbList","@id":"https:\/\/vasculai.crosss3.eu\/nl\/technologieen\/slimme-armband\/#breadcrumb","itemListElement":[{"@type":"ListItem","position":1,"name":"Accueil","item":"https:\/\/vasculai.crosss3.eu\/nl\/"},{"@type":"ListItem","position":2,"name":"Technologie\u00ebn","item":"https:\/\/vasculai.crosss3.eu\/nl\/technologieen\/"},{"@type":"ListItem","position":3,"name":"Slimme armband"}]},{"@type":"WebSite","@id":"https:\/\/vasculai.crosss3.eu\/#website","url":"https:\/\/vasculai.crosss3.eu\/","name":"VasculAI","description":"Pr\u00e9venir les maladies cardiovasculaires gr\u00e2ce \u00e0 l&#039;IA","publisher":{"@id":"https:\/\/vasculai.crosss3.eu\/#organization"},"potentialAction":[{"@type":"SearchAction","target":{"@type":"EntryPoint","urlTemplate":"https:\/\/vasculai.crosss3.eu\/?s={search_term_string}"},"query-input":{"@type":"PropertyValueSpecification","valueRequired":true,"valueName":"search_term_string"}}],"inLanguage":"nl-NL"},{"@type":"Organization","@id":"https:\/\/vasculai.crosss3.eu\/#organization","name":"VasculAI","url":"https:\/\/vasculai.crosss3.eu\/","logo":{"@type":"ImageObject","inLanguage":"nl-NL","@id":"https:\/\/vasculai.crosss3.eu\/#\/schema\/logo\/image\/","url":"https:\/\/vasculai.crosss3.eu\/wp-content\/uploads\/sites\/5\/2025\/07\/logo-vaculai-rvb.png","contentUrl":"https:\/\/vasculai.crosss3.eu\/wp-content\/uploads\/sites\/5\/2025\/07\/logo-vaculai-rvb.png","width":1587,"height":908,"caption":"VasculAI"},"image":{"@id":"https:\/\/vasculai.crosss3.eu\/#\/schema\/logo\/image\/"}}]}},"_links":{"self":[{"href":"https:\/\/vasculai.crosss3.eu\/nl\/wp-json\/wp\/v2\/pages\/943","targetHints":{"allow":["GET"]}}],"collection":[{"href":"https:\/\/vasculai.crosss3.eu\/nl\/wp-json\/wp\/v2\/pages"}],"about":[{"href":"https:\/\/vasculai.crosss3.eu\/nl\/wp-json\/wp\/v2\/types\/page"}],"author":[{"embeddable":true,"href":"https:\/\/vasculai.crosss3.eu\/nl\/wp-json\/wp\/v2\/users\/16"}],"replies":[{"embeddable":true,"href":"https:\/\/vasculai.crosss3.eu\/nl\/wp-json\/wp\/v2\/comments?post=943"}],"version-history":[{"count":3,"href":"https:\/\/vasculai.crosss3.eu\/nl\/wp-json\/wp\/v2\/pages\/943\/revisions"}],"predecessor-version":[{"id":1078,"href":"https:\/\/vasculai.crosss3.eu\/nl\/wp-json\/wp\/v2\/pages\/943\/revisions\/1078"}],"up":[{"embeddable":true,"href":"https:\/\/vasculai.crosss3.eu\/nl\/wp-json\/wp\/v2\/pages\/949"}],"wp:featuredmedia":[{"embeddable":true,"href":"https:\/\/vasculai.crosss3.eu\/nl\/wp-json\/wp\/v2\/media\/233"}],"wp:attachment":[{"href":"https:\/\/vasculai.crosss3.eu\/nl\/wp-json\/wp\/v2\/media?parent=943"}],"curies":[{"name":"wp","href":"https:\/\/api.w.org\/{rel}","templated":true}]}}